{"id":8106,"date":"2024-10-29T07:44:16","date_gmt":"2024-10-29T07:44:16","guid":{"rendered":"https:\/\/brandtech.hu\/?page_id=8106"},"modified":"2024-10-29T07:44:16","modified_gmt":"2024-10-29T07:44:16","slug":"cookie-tajekoztato","status":"publish","type":"page","link":"https:\/\/brandtech.hu\/en\/cookie-tajekoztato\/","title":{"rendered":"Cookie Information"},"content":{"rendered":"<p><strong>BrandTech<\/strong><br \/>\nHat\u00e1lyos: 2022.05.17-t\u0151l<\/p>\n<p>A BrandTech (\u201e\u00dcgyn\u00f6ks\u00e9g\u201d, \u201eMi\u201d) weboldala cookie-kat \u00e9s m\u00e1s hasonl\u00f3 technol\u00f3gi\u00e1kat haszn\u00e1l annak \u00e9rdek\u00e9ben, hogy a l\u00e1togat\u00f3i \u00e9lm\u00e9nyt jav\u00edtsa, valamint a felhaszn\u00e1l\u00f3i viselked\u00e9st elemezze. Ez a t\u00e1j\u00e9koztat\u00f3 r\u00e9szletezi, hogy milyen cookie-kat haszn\u00e1lunk, mi\u00e9rt tessz\u00fck ezt, \u00e9s milyen lehet\u0151s\u00e9gek \u00e1llnak rendelkez\u00e9s\u00e9re ezen s\u00fctik kezel\u00e9s\u00e9re.<\/p>\n<h3>1. Mik azok a cookie-k?<\/h3>\n<p>A cookie-k olyan kis m\u00e9ret\u0171 sz\u00f6vegf\u00e1jlok, amelyeket a weboldal a felhaszn\u00e1l\u00f3 eszk\u00f6z\u00e9re helyez el. Ezek lehet\u0151v\u00e9 teszik, hogy a weboldal \u201emegjegyezze\u201d a felhaszn\u00e1l\u00f3t a l\u00e1togat\u00e1sa sor\u00e1n \u00e9s az azt k\u00f6vet\u0151 alkalmakon. A cookie-k hasznosak t\u00f6bbek k\u00f6z\u00f6tt a felhaszn\u00e1l\u00f3i preferenci\u00e1k t\u00e1rol\u00e1s\u00e1ra \u00e9s a weboldal teljes\u00edtm\u00e9ny\u00e9nek jav\u00edt\u00e1s\u00e1ra.<\/p>\n<h3>2. Milyen t\u00edpus\u00fa cookie-kat haszn\u00e1lunk?<\/h3>\n<p>A BrandTech weboldala az al\u00e1bbi t\u00edpus\u00fa cookie-kat haszn\u00e1lja:<\/p>\n<ul>\n<li><strong>Alapvet\u0151 (sz\u00fcks\u00e9ges) cookie-k<\/strong>: Ezek a cookie-k elengedhetetlenek a weboldal alapvet\u0151 m\u0171k\u00f6d\u00e9s\u00e9hez. N\u00e9lk\u00fcl\u00fck az oldal nem tud megfelel\u0151en m\u0171k\u00f6dni, p\u00e9ld\u00e1ul a bejelentkez\u00e9si funkci\u00f3k nem m\u0171k\u00f6dn\u00e9nek.<\/li>\n<li><strong>Analitikai\/teljes\u00edtm\u00e9ny cookie-k<\/strong>: Ezek a cookie-k seg\u00edtenek nek\u00fcnk meg\u00e9rteni, hogy a l\u00e1togat\u00f3k hogyan haszn\u00e1lj\u00e1k a weboldalt. Az ilyen t\u00edpus\u00fa adatokat arra haszn\u00e1ljuk, hogy jav\u00edtsuk a weboldalunk funkcionalit\u00e1s\u00e1t \u00e9s felhaszn\u00e1l\u00f3i \u00e9lm\u00e9ny\u00e9t. Ezek a cookie-k nem azonos\u00edtj\u00e1k egy\u00e9nileg a felhaszn\u00e1l\u00f3kat.<\/li>\n<li><strong>Rekl\u00e1m \u00e9s c\u00e9lzott cookie-k<\/strong>: Ezek a cookie-k lehet\u0151v\u00e9 teszik, hogy az \u00e9rdekl\u0151d\u00e9si k\u00f6r\u00e9nek megfelel\u0151 rekl\u00e1mokat jelen\u00edts\u00fck meg. Ezeket az adatokat olyan hirdet\u00e9si h\u00e1l\u00f3zatok is haszn\u00e1lhatj\u00e1k, amelyekkel egy\u00fcttm\u0171k\u00f6d\u00fcnk.<\/li>\n<\/ul>\n<h3>3. Hogyan haszn\u00e1ljuk a cookie-kat?<\/h3>\n<p>A BrandTech cookie-kat haszn\u00e1l az al\u00e1bbi c\u00e9lokra:<\/p>\n<ul>\n<li><strong>Felhaszn\u00e1l\u00f3i \u00e9lm\u00e9ny jav\u00edt\u00e1sa<\/strong>: A cookie-k seg\u00edtenek felismerni \u00d6nt, \u00edgy k\u00f6nnyebb\u00e9 teszik a navig\u00e1l\u00e1st, \u00e9s lehet\u0151v\u00e9 teszik az oldal szem\u00e9lyre szab\u00e1s\u00e1t.<\/li>\n<li><strong>Weboldal teljes\u00edtm\u00e9ny\u00e9nek m\u00e9r\u00e9se<\/strong>: Az analitikai cookie-k seg\u00edts\u00e9g\u00e9vel m\u00e9rj\u00fck a l\u00e1togatotts\u00e1got, \u00e9s elemezz\u00fck, hogy hogyan haszn\u00e1lj\u00e1k a l\u00e1togat\u00f3k a weboldalt, ez\u00e1ltal lehet\u0151s\u00e9g\u00fcnk van a weboldal optimaliz\u00e1l\u00e1s\u00e1ra.<\/li>\n<li><strong>Hirdet\u00e9si c\u00e9lz\u00e1s<\/strong>: A c\u00e9lzott cookie-k lehet\u0151v\u00e9 teszik sz\u00e1munkra, hogy a hirdet\u00e9seink relev\u00e1nsak legyenek az \u00d6n sz\u00e1m\u00e1ra, \u00e9s hogy ne ugyanazokat a hirdet\u00e9seket l\u00e1ssa folyamatosan.<\/li>\n<\/ul>\n<h3>4. Harmadik f\u00e9lt\u0151l sz\u00e1rmaz\u00f3 cookie-k<\/h3>\n<p>Weboldalunkon harmadik f\u00e9lt\u0151l sz\u00e1rmaz\u00f3 cookie-k is jelen lehetnek, p\u00e9ld\u00e1ul analitikai szolg\u00e1ltat\u00f3k (pl. Google Analytics) \u00e9s hirdet\u00e9si partnerek cookie-jai. Ezek a harmadik felek saj\u00e1t adatv\u00e9delmi ir\u00e1nyelvekkel rendelkeznek, \u00e9s az \u0151 cookie-jukat \u0151k kezelik. Az ilyen t\u00edpus\u00fa cookie-kra az adott szolg\u00e1ltat\u00f3k saj\u00e1t adatv\u00e9delmi t\u00e1j\u00e9koztat\u00f3ja \u00e9rv\u00e9nyes.<\/p>\n<h3>5. Cookie be\u00e1ll\u00edt\u00e1sok kezel\u00e9se<\/h3>\n<p>\u00d6nnek jog\u00e1ban \u00e1ll eld\u00f6nteni, hogy elfogadja-e a cookie-kat. Amikor els\u0151 alkalommal l\u00e1togatja meg a weboldalunkat, lehet\u0151s\u00e9get biztos\u00edtunk a cookie be\u00e1ll\u00edt\u00e1sok kiv\u00e1laszt\u00e1s\u00e1ra. B\u00e1rmikor megv\u00e1ltoztathatja a preferenci\u00e1it a \u201eCookie-be\u00e1ll\u00edt\u00e1sok\u201d szekci\u00f3ban.<\/p>\n<p>Emellett b\u00f6ng\u00e9sz\u0151j\u00e9n kereszt\u00fcl is m\u00f3dos\u00edthatja a cookie-be\u00e1ll\u00edt\u00e1sokat. A legt\u00f6bb b\u00f6ng\u00e9sz\u0151 alap\u00e9rtelmez\u00e9sk\u00e9nt automatikusan elfogadja a cookie-kat, de ezek a be\u00e1ll\u00edt\u00e1sok m\u00f3dos\u00edthat\u00f3k \u00fagy, hogy a cookie-kat elutas\u00edtsa vagy figyelmeztet\u00e9st k\u00fcldj\u00f6n r\u00f3luk.<\/p>\n<h3>6. Az adatkezel\u00e9s jogalapja<\/h3>\n<p>A cookie-k alkalmaz\u00e1sa sor\u00e1n kezelt adatok jogalapja az \u00d6n hozz\u00e1j\u00e1rul\u00e1sa, kiv\u00e9ve azokat az eseteket, amikor a cookie-k haszn\u00e1lata elengedhetetlen a weboldal m\u0171k\u00f6d\u00e9s\u00e9hez (alapvet\u0151 cookie-k). Hozz\u00e1j\u00e1rul\u00e1s\u00e1t b\u00e1rmikor visszavonhatja a \u201eCookie-be\u00e1ll\u00edt\u00e1sok\u201d szekci\u00f3ban.<\/p>\n<h3>7. Az \u00e9rintettek jogai<\/h3>\n<p>\u00d6n jogosult arra, hogy t\u00e1j\u00e9koztat\u00e1st k\u00e9rjen az \u00e1ltalunk kezelt adatokr\u00f3l, k\u00e9rje azok helyesb\u00edt\u00e9s\u00e9t, t\u00f6rl\u00e9s\u00e9t vagy az adatkezel\u00e9s korl\u00e1toz\u00e1s\u00e1t. B\u00e1rmilyen k\u00e9rd\u00e9s eset\u00e9n l\u00e9pjen kapcsolatba vel\u00fcnk az al\u00e1bbi el\u00e9rhet\u0151s\u00e9gek egyik\u00e9n:<\/p>\n<p><strong>Contact Us<\/strong>:<\/p>\n<ul>\n<li><strong>E-mail<\/strong>: kapcsolat@brandtech.hu<\/li>\n<\/ul>\n<h3>8. A cookie t\u00e1j\u00e9koztat\u00f3 m\u00f3dos\u00edt\u00e1sa<\/h3>\n<p>Ezt a cookie t\u00e1j\u00e9koztat\u00f3t id\u0151r\u0151l id\u0151re friss\u00edthetj\u00fck a jogszab\u00e1lyi v\u00e1ltoz\u00e1soknak vagy a m\u0171k\u00f6d\u00e9s\u00fcnkben t\u00f6rt\u00e9nt v\u00e1ltoz\u00e1soknak megfelel\u0151en. A legfrissebb v\u00e1ltozat mindig el\u00e9rhet\u0151 a weboldalunkon.<\/p>","protected":false},"excerpt":{"rendered":"<p>BrandTech Hat\u00e1lyos: 2022.05.17-t\u0151l A BrandTech (\u201e\u00dcgyn\u00f6ks\u00e9g\u201d, \u201eMi\u201d) weboldala cookie-kat \u00e9s m\u00e1s hasonl\u00f3 technol\u00f3gi\u00e1kat haszn\u00e1l annak \u00e9rdek\u00e9ben, hogy a l\u00e1togat\u00f3i \u00e9lm\u00e9nyt [&hellip;]<\/p>","protected":false},"author":1,"featured_media":0,"parent":0,"menu_order":0,"comment_status":"closed","ping_status":"closed","template":"","meta":{"footnotes":""},"class_list":["post-8106","page","type-page","status-publish","hentry","no-post-thumbnail"],"_links":{"self":[{"href":"https:\/\/brandtech.hu\/en\/wp-json\/wp\/v2\/pages\/8106","targetHints":{"allow":["GET"]}}],"collection":[{"href":"https:\/\/brandtech.hu\/en\/wp-json\/wp\/v2\/pages"}],"about":[{"href":"https:\/\/brandtech.hu\/en\/wp-json\/wp\/v2\/types\/page"}],"author":[{"embeddable":true,"href":"https:\/\/brandtech.hu\/en\/wp-json\/wp\/v2\/users\/1"}],"replies":[{"embeddable":true,"href":"https:\/\/brandtech.hu\/en\/wp-json\/wp\/v2\/comments?post=8106"}],"version-history":[{"count":2,"href":"https:\/\/brandtech.hu\/en\/wp-json\/wp\/v2\/pages\/8106\/revisions"}],"predecessor-version":[{"id":8109,"href":"https:\/\/brandtech.hu\/en\/wp-json\/wp\/v2\/pages\/8106\/revisions\/8109"}],"wp:attachment":[{"href":"https:\/\/brandtech.hu\/en\/wp-json\/wp\/v2\/media?parent=8106"}],"curies":[{"name":"wp","href":"https:\/\/api.w.org\/{rel}","templated":true}]}}